{"id":162,"date":"2025-08-28T14:36:52","date_gmt":"2025-08-28T12:36:52","guid":{"rendered":"https:\/\/bennasarlaffranchi.fr\/?post_type=product&#038;p=162"},"modified":"2025-09-03T00:08:29","modified_gmt":"2025-09-02T22:08:29","slug":"laffranchi","status":"publish","type":"product","link":"https:\/\/bennasarlaffranchi.fr\/?product=laffranchi","title":{"rendered":"L&#8217;affranchi"},"content":{"rendered":"<p><span style=\"font-size: 13.5pt; color: #101112;\">Apr\u00e8s l\u2019\u00e9chec de Zemmour aux pr\u00e9sidentielles de 2022 et la poursuite annonc\u00e9e du grand remplacement, Pierre SCHWAB, artisan quinquag\u00e9naire de la France p\u00e9riph\u00e9rique, d\u00e9cide que le divorce avec ses compatriotes est consomm\u00e9.<\/span><\/p>\n<p style=\"box-sizing: inherit; text-wrap: pretty; margin-block: 30.3px 0px; font-variant-ligatures: normal; font-variant-caps: normal; orphans: 2; text-align: start; widows: 2; -webkit-text-stroke-width: 0px; white-space-collapse: collapse; background-color: rgba(221, 214, 197, 0.15); text-decoration-thickness: initial; text-decoration-style: initial; text-decoration-color: initial; word-spacing: 0px;\"><span style=\"font-size: 13.5pt; color: #101112;\">Il s\u2019affranchit alors de ses obligations contribuables puis de tout ce qui le retenait jusque-l\u00e0 de faire un malheur, des intimidations de l\u2019antiracisme jusqu\u2019au 6\u00e8me commandement.<\/span><\/p>\n<p style=\"box-sizing: inherit; text-wrap: pretty; margin-block: 30.3px 0px; font-variant-ligatures: normal; font-variant-caps: normal; orphans: 2; text-align: start; widows: 2; -webkit-text-stroke-width: 0px; white-space-collapse: collapse; background-color: rgba(221, 214, 197, 0.15); text-decoration-thickness: initial; text-decoration-style: initial; text-decoration-color: initial; word-spacing: 0px;\"><span style=\"font-size: 13.5pt; color: #101112;\">D\u00e9sormais, il ne subira plus les \u00ab incivilit\u00e9s \u00bb en regardant ailleurs, il rendra les coups en d\u00e9rouillant des racailles, et reprendra m\u00eame l\u2019offensive.<\/span><\/p>\n<p style=\"box-sizing: inherit; text-wrap: pretty; margin-block: 30.3px 0px; font-variant-ligatures: normal; font-variant-caps: normal; orphans: 2; text-align: start; widows: 2; -webkit-text-stroke-width: 0px; white-space-collapse: collapse; background-color: rgba(221, 214, 197, 0.15); text-decoration-thickness: initial; text-decoration-style: initial; text-decoration-color: initial; word-spacing: 0px;\"><span style=\"font-size: 13.5pt; color: #101112;\">Et puisque le d\u00e9sir masculin est criminalis\u00e9 par le n\u00e9o-f\u00e9minisme, il usera et m\u00eame abusera, de sa s\u00e9duction, sans scrupules ni culpabilit\u00e9 mais avec une joie certaine.<\/span><\/p>\n<p style=\"box-sizing: inherit; text-wrap: pretty; margin-block: 30.3px 0px; font-variant-ligatures: normal; font-variant-caps: normal; orphans: 2; text-align: start; widows: 2; -webkit-text-stroke-width: 0px; white-space-collapse: collapse; background-color: rgba(221, 214, 197, 0.15); text-decoration-thickness: initial; text-decoration-style: initial; text-decoration-color: initial; word-spacing: 0px;\"><span style=\"font-size: 13.5pt; color: #101112;\">On pense \u00e0 un personnage de Houellebecq, la d\u00e9pression en moins et, en plus, un humour tranchant, une bonne dose de mauvais esprit, et une solide \u00e9rection.<\/span><\/p>\n","protected":false},"excerpt":{"rendered":"<p class=\"p1\"><b>Un roman coup de poing sur la rupture d\u2019un homme avec la soci\u00e9t\u00e9.<\/b><\/p>\n","protected":false},"featured_media":163,"template":"","meta":[],"product_brand":[],"product_cat":[61],"product_tag":[],"class_list":{"0":"post-162","1":"product","2":"type-product","3":"status-publish","4":"has-post-thumbnail","6":"product_cat-non-classe","8":"first","9":"instock","10":"purchasable","11":"product-type-simple"},"jetpack_sharing_enabled":true,"_links":{"self":[{"href":"https:\/\/bennasarlaffranchi.fr\/index.php?rest_route=\/wp\/v2\/product\/162","targetHints":{"allow":["GET"]}}],"collection":[{"href":"https:\/\/bennasarlaffranchi.fr\/index.php?rest_route=\/wp\/v2\/product"}],"about":[{"href":"https:\/\/bennasarlaffranchi.fr\/index.php?rest_route=\/wp\/v2\/types\/product"}],"wp:featuredmedia":[{"embeddable":true,"href":"https:\/\/bennasarlaffranchi.fr\/index.php?rest_route=\/wp\/v2\/media\/163"}],"wp:attachment":[{"href":"https:\/\/bennasarlaffranchi.fr\/index.php?rest_route=%2Fwp%2Fv2%2Fmedia&parent=162"}],"wp:term":[{"taxonomy":"product_brand","embeddable":true,"href":"https:\/\/bennasarlaffranchi.fr\/index.php?rest_route=%2Fwp%2Fv2%2Fproduct_brand&post=162"},{"taxonomy":"product_cat","embeddable":true,"href":"https:\/\/bennasarlaffranchi.fr\/index.php?rest_route=%2Fwp%2Fv2%2Fproduct_cat&post=162"},{"taxonomy":"product_tag","embeddable":true,"href":"https:\/\/bennasarlaffranchi.fr\/index.php?rest_route=%2Fwp%2Fv2%2Fproduct_tag&post=162"}],"curies":[{"name":"wp","href":"https:\/\/api.w.org\/{rel}","templated":true}]}}